{"id":152,"date":"2020-11-01T12:39:10","date_gmt":"2020-11-01T12:39:10","guid":{"rendered":"https:\/\/hermandaddelrociodecamas.es\/?page_id=152"},"modified":"2020-12-03T17:05:54","modified_gmt":"2020-12-03T17:05:54","slug":"simpecado-oficial","status":"publish","type":"page","link":"https:\/\/hermandaddelrociodecamas.es\/?page_id=152","title":{"rendered":"SIMPECADOS"},"content":{"rendered":"<p>&nbsp;<\/p>\n<h1><img data-recalc-dims=\"1\" loading=\"lazy\" decoding=\"async\" class=\"aligncenter wp-image-726 size-large\" src=\"https:\/\/i0.wp.com\/hermandaddelrociodecamas.es\/wp-content\/uploads\/2020\/12\/SIMPECADO_DSC6582.png?resize=604%2C910&#038;ssl=1\" alt=\"\" width=\"604\" height=\"910\" srcset=\"https:\/\/i0.wp.com\/hermandaddelrociodecamas.es\/wp-content\/uploads\/2020\/12\/SIMPECADO_DSC6582.png?resize=680%2C1024&amp;ssl=1 680w, https:\/\/i0.wp.com\/hermandaddelrociodecamas.es\/wp-content\/uploads\/2020\/12\/SIMPECADO_DSC6582.png?resize=199%2C300&amp;ssl=1 199w, https:\/\/i0.wp.com\/hermandaddelrociodecamas.es\/wp-content\/uploads\/2020\/12\/SIMPECADO_DSC6582.png?resize=768%2C1157&amp;ssl=1 768w, https:\/\/i0.wp.com\/hermandaddelrociodecamas.es\/wp-content\/uploads\/2020\/12\/SIMPECADO_DSC6582.png?w=1000&amp;ssl=1 1000w\" sizes=\"auto, (max-width: 604px) 100vw, 604px\" \/><\/h1>\n<h1>SIMPECADO OFICIAL<\/h1>\n<p style=\"text-align: justify;\">\u00a0 \u00a0 \u00a0 A finales de 1975 estando ya en marcha la Hermandad, se encarga en los talleres de Carrasquilla la confecci\u00f3n de nuestro Simpecado, termin\u00e1ndose este en 1976. Se elabor\u00f3 en terciopelo verde con bordados en todo su contorno con dibujos de rocalla y flores en oro y en el centro la Imagen de la Virgen del Roc\u00edo. A los pies de la Imagen en el v\u00e9rtice interior que forman las puntas del Simpecado lleva el escudo de la Hermandad.<\/p>\n<p style=\"text-align: justify;\">\u00a0 \u00a0 \u00a0 La Imagen que se coloc\u00f3 fue la que hasta entonces hab\u00eda ostentado el Simpecado de raso blanco y que hab\u00eda pertenecido a la \u00abAsociaci\u00f3n Religiosa de Ntra. Sra. del Roc\u00edo\u00bb de 1956, donada a esta por la Hermandad del Roc\u00edo de Triana. Era una preciosa Imagen de candelero y policromada y que fue realizada por el imaginero sevillano Castillo Lastrucci.<\/p>\n<p style=\"text-align: justify;\">\u00a0 \u00a0 \u00a0 Nuestro Simpecado con el correr del tiempo sufre algunas modificaciones, como lo son el bordado del mismo, el cual se complet\u00f3 y fue su resultado el que nos ha llegado hasta hoy y el de la Imagen de la Virgen a la que se le sustituye la cara y las manos, as\u00ed como la Imagen del Ni\u00f1o por otras de marfil, que es como lo veneramos ahora.<\/p>\n<p style=\"text-align: justify;\">\u00a0 \u00a0 \u00a0 El Simpecado se bendijo el d\u00eda 9 de mayo de 1976 coincidiendo con los primeros Cultos en Honor a la Blanca Paloma que celebro la Hermandad. Dicho acto fue presidido por D. Francisco P\u00e9rez Romero, Hermano Mayor entonces y por su Junta de Gobierno, siendo bendecido por D. Juan Rojas Gil-Bermejo, p\u00e1rroco de la Iglesia Sta. M.&#8217; de Gracia donde qued\u00f3 constituida la Hermandad. Actuaron como Padrinos D. Jos\u00e9 del Castillo Serrana y su se\u00f1ora D\u00f1a. M\u00aa. Josefa S\u00e1enz, matrimonio a quien se le reconoc\u00eda una gran devoci\u00f3n a la Blanca Paloma.<\/p>\n<p><img data-recalc-dims=\"1\" loading=\"lazy\" decoding=\"async\" class=\"wp-image-684 size-large aligncenter\" src=\"https:\/\/i0.wp.com\/hermandaddelrociodecamas.es\/wp-content\/uploads\/2020\/11\/SIMPECADO-BLANCO.png?resize=604%2C910&#038;ssl=1\" alt=\"\" width=\"604\" height=\"910\" srcset=\"https:\/\/i0.wp.com\/hermandaddelrociodecamas.es\/wp-content\/uploads\/2020\/11\/SIMPECADO-BLANCO.png?resize=680%2C1024&amp;ssl=1 680w, https:\/\/i0.wp.com\/hermandaddelrociodecamas.es\/wp-content\/uploads\/2020\/11\/SIMPECADO-BLANCO.png?resize=199%2C300&amp;ssl=1 199w, https:\/\/i0.wp.com\/hermandaddelrociodecamas.es\/wp-content\/uploads\/2020\/11\/SIMPECADO-BLANCO.png?resize=768%2C1157&amp;ssl=1 768w, https:\/\/i0.wp.com\/hermandaddelrociodecamas.es\/wp-content\/uploads\/2020\/11\/SIMPECADO-BLANCO.png?w=1000&amp;ssl=1 1000w\" sizes=\"auto, (max-width: 604px) 100vw, 604px\" \/><\/p>\n<h1>SIMPECADO BLANCO<\/h1>\n<p style=\"text-align: justify;\">\u00a0 \u00a0 \u00a0 La devoci\u00f3n de nuestro pueblo se debi\u00f3 iniciar influida por la cercan\u00eda del barrio de Triana y al peregrinar de su Hermandad hacia la aldea dejando huella en nuestra localidad. Desde entonces, en su ir y venir fue impregnando a la gente de Fe y devoci\u00f3n hacia la Reina de Las Marismas.<\/p>\n<p style=\"text-align: justify;\">\u00a0 \u00a0 \u00a0 Es por ello, que en el a\u00f1o 1956 se crea una asociaci\u00f3n Mariana para dar culto a la Blanca Paloma. En aquel tiempo se decidi\u00f3 realizar un Simpecado en tela de raso blanco bordado en oro encargado a Hija de Eduardo Enr\u00edquez, sita en calle Francos, con medidas de 0,85&#215;1,30. Su precio fue de 2.150 pesetas.<\/p>\n<p style=\"text-align: justify;\">\u00a0 \u00a0 \u00a0 El secretario de la asociaci\u00f3n que a su vez era prioste de la Hermandad del Roc\u00edo de Triana, al enterarse que dicha Hermandad pose\u00eda tres capillas, de las llamadas domiciliarias, con la imagen de la Virgen, decidi\u00f3 realizar gestiones para la cesi\u00f3n de unas de ellas para el Simpecado, como as\u00ed fue. Esta imagen obra del imaginero Castillo Lastrucci ten\u00eda una gran similitud con la imagen de Almonte. La asociaci\u00f3n tuvo dificultades para continuar, llegando a disolverse aunque el Simpecado qued\u00f3 guardado en la Parroquia y al constituirse la Hermandad del Roc\u00edo de Camas, por el a\u00f1o 1976, se adapto la Virgen para el Simpecado actual, si bien, esta imagen debido a su fragilidad se decidi\u00f3 cambiar transcurridos alg\u00fan tiempo.<\/p>\n<p style=\"text-align: justify;\">\u00a0 \u00a0 \u00a0 A\u00f1os m\u00e1s tarde, sali\u00f3 por las calles de Camas en Rosario de la Aurora, se ha utilizado para diversos altares de Corpus, se ha llevado para la celebraci\u00f3n de la eucarist\u00eda en la peregrinaci\u00f3n de San Jos\u00e9 y para la misa extraordinaria que cada a\u00f1o se hace ante la Blanca Paloma, siendo restaurado por primera vez en el a\u00f1o 1987.<\/p>\n<p style=\"text-align: justify;\">\u00a0 \u00a0 \u00a0 Despu\u00e9s de una treintena de a\u00f1os se vuelve a restaurar en el a\u00f1o 2017 a causa de su mal estado, confi\u00e1ndole tal labor al taller de bordados Antonio Jos\u00e9 Olea, que con sus manos y buen hacer, ha sabido devolverle su m\u00e1ximo esplendor, habi\u00e9ndose sustituido la tela original\u00a0 y realiz\u00e1ndose una limpieza y reposici\u00f3n de los bordados afectados, como tambi\u00e9n se ha realzado su belleza cambiando la imagen de la Virgen del Roc\u00edo por otra pintada por el artista D. Fran Canto. Fue nuevamente bendecido en una misa de Hermandad y volvi\u00f3 a presidir el altar del Corpus Cristi entronado en la Carreta de Plata de la Hermandad.<\/p>\n<p><img data-recalc-dims=\"1\" loading=\"lazy\" decoding=\"async\" class=\"wp-image-724 size-large aligncenter\" src=\"https:\/\/i0.wp.com\/hermandaddelrociodecamas.es\/wp-content\/uploads\/2020\/12\/SIMPECADO-CURRO_DSC6483.png?resize=604%2C910&#038;ssl=1\" alt=\"\" width=\"604\" height=\"910\" srcset=\"https:\/\/i0.wp.com\/hermandaddelrociodecamas.es\/wp-content\/uploads\/2020\/12\/SIMPECADO-CURRO_DSC6483.png?resize=680%2C1024&amp;ssl=1 680w, https:\/\/i0.wp.com\/hermandaddelrociodecamas.es\/wp-content\/uploads\/2020\/12\/SIMPECADO-CURRO_DSC6483.png?resize=199%2C300&amp;ssl=1 199w, https:\/\/i0.wp.com\/hermandaddelrociodecamas.es\/wp-content\/uploads\/2020\/12\/SIMPECADO-CURRO_DSC6483.png?resize=768%2C1156&amp;ssl=1 768w, https:\/\/i0.wp.com\/hermandaddelrociodecamas.es\/wp-content\/uploads\/2020\/12\/SIMPECADO-CURRO_DSC6483.png?resize=1020%2C1536&amp;ssl=1 1020w, https:\/\/i0.wp.com\/hermandaddelrociodecamas.es\/wp-content\/uploads\/2020\/12\/SIMPECADO-CURRO_DSC6483.png?resize=1360%2C2048&amp;ssl=1 1360w, https:\/\/i0.wp.com\/hermandaddelrociodecamas.es\/wp-content\/uploads\/2020\/12\/SIMPECADO-CURRO_DSC6483.png?w=1208&amp;ssl=1 1208w, https:\/\/i0.wp.com\/hermandaddelrociodecamas.es\/wp-content\/uploads\/2020\/12\/SIMPECADO-CURRO_DSC6483.png?w=1812&amp;ssl=1 1812w\" sizes=\"auto, (max-width: 604px) 100vw, 604px\" \/><\/p>\n<h1>SIMPECADO \u00abCURRO ROMERO\u00bb<\/h1>\n<p style=\"text-align: justify;\">\u00a0 \u00a0 \u00a0 Con el paso de los a\u00f1os y el deterioro del Simpecado \u00abblanco\u00bb se iniciaron los tramites para hacer uno nuevo, aprovechando un traje de luces que el diestro de Camas Curro Romero hab\u00eda regalado a la Hermandad, de hay su nombre conocido popularmente como el Simpecado de \u00abCurro Romero\u00bb. El taller al que se le encarg\u00f3 la confecci\u00f3n fue Secor de Sevilla, termin\u00e1ndolo antes de la Misa Extraordinaria del a\u00f1o 1991 en la aldea del Roc\u00edo.<\/p>\n<p style=\"text-align: justify;\">\u00a0 \u00a0 \u00a0 Nuestra hermana D\u00aa. Francisca Jara Navarro pint\u00f3 el lienzo que luce el Simpecado, tomando como modelo un cuadro de Nuestra Parroquia de la Virgen de los Reyes, ya que la imagen de la Virgen del Roc\u00edo de aquella \u00e9poca era bastante similar a \u00e9sta. Desde esta fecha el Simpecado acude a todas las misas extraordinarias ante la Blanca Paloma y en el a\u00f1o 1993, con la visita de S.S. el Papa Juan Pablo II, fue el que represent\u00f3 a la Hermanad en dicha ocasi\u00f3n, siendo bendecido por el Papa.<\/p>\n<p style=\"text-align: justify;\">\u00a0 \u00a0 \u00a0 En el a\u00f1o 2011 se cambi\u00f3 la tela de forro trasera por un a nueva ya que estaba deteriorada. Se tiene por costumbre llevar este Simpecado a las Peregrinaciones\u00a0 Extraordinarias.<\/p>\n<p>&nbsp;<\/p>\n","protected":false},"excerpt":{"rendered":"<p>&nbsp; SIMPECADO OFICIAL \u00a0 \u00a0 \u00a0 A finales de 1975 estando ya en marcha la Hermandad, se encarga en los talleres de Carrasquilla la confecci\u00f3n de nuestro Simpecado, termin\u00e1ndose este en 1976.<a class=\"moretag\" href=\"https:\/\/hermandaddelrociodecamas.es\/?page_id=152\">Leer m\u00e1s&#8230;<\/a><\/p>\n","protected":false},"author":0,"featured_media":0,"parent":0,"menu_order":0,"comment_status":"closed","ping_status":"closed","template":"","meta":{"footnotes":""},"class_list":["post-152","page","type-page","status-publish","hentry"],"jetpack_sharing_enabled":true,"_links":{"self":[{"href":"https:\/\/hermandaddelrociodecamas.es\/index.php?rest_route=\/wp\/v2\/pages\/152","targetHints":{"allow":["GET"]}}],"collection":[{"href":"https:\/\/hermandaddelrociodecamas.es\/index.php?rest_route=\/wp\/v2\/pages"}],"about":[{"href":"https:\/\/hermandaddelrociodecamas.es\/index.php?rest_route=\/wp\/v2\/types\/page"}],"replies":[{"embeddable":true,"href":"https:\/\/hermandaddelrociodecamas.es\/index.php?rest_route=%2Fwp%2Fv2%2Fcomments&post=152"}],"version-history":[{"count":5,"href":"https:\/\/hermandaddelrociodecamas.es\/index.php?rest_route=\/wp\/v2\/pages\/152\/revisions"}],"predecessor-version":[{"id":727,"href":"https:\/\/hermandaddelrociodecamas.es\/index.php?rest_route=\/wp\/v2\/pages\/152\/revisions\/727"}],"wp:attachment":[{"href":"https:\/\/hermandaddelrociodecamas.es\/index.php?rest_route=%2Fwp%2Fv2%2Fmedia&parent=152"}],"curies":[{"name":"wp","href":"https:\/\/api.w.org\/{rel}","templated":true}]}}