{"id":161,"date":"2020-11-01T13:08:24","date_gmt":"2020-11-01T13:08:24","guid":{"rendered":"https:\/\/hermandaddelrociodecamas.es\/?page_id=161"},"modified":"2020-11-14T16:25:41","modified_gmt":"2020-11-14T16:25:41","slug":"insignias","status":"publish","type":"page","link":"https:\/\/hermandaddelrociodecamas.es\/?page_id=161","title":{"rendered":"Insignias"},"content":{"rendered":"<p style=\"text-align: justify;\"><strong>ESTANDARTE:<\/strong><\/p>\n<p style=\"text-align: justify;\"><a href=\"https:\/\/i0.wp.com\/hermandaddelrociodecamas.es\/wp-content\/uploads\/2020\/11\/ESTANDARTE.png?ssl=1\" target=\"_blank\" rel=\"noopener noreferrer\"><img data-recalc-dims=\"1\" loading=\"lazy\" decoding=\"async\" class=\"alignleft wp-image-418 size-medium\" src=\"https:\/\/i0.wp.com\/hermandaddelrociodecamas.es\/wp-content\/uploads\/2020\/11\/ESTANDARTE.png?resize=199%2C300&#038;ssl=1\" alt=\"\" width=\"199\" height=\"300\" srcset=\"https:\/\/i0.wp.com\/hermandaddelrociodecamas.es\/wp-content\/uploads\/2020\/11\/ESTANDARTE.png?resize=199%2C300&amp;ssl=1 199w, https:\/\/i0.wp.com\/hermandaddelrociodecamas.es\/wp-content\/uploads\/2020\/11\/ESTANDARTE.png?resize=680%2C1024&amp;ssl=1 680w, https:\/\/i0.wp.com\/hermandaddelrociodecamas.es\/wp-content\/uploads\/2020\/11\/ESTANDARTE.png?resize=768%2C1156&amp;ssl=1 768w, https:\/\/i0.wp.com\/hermandaddelrociodecamas.es\/wp-content\/uploads\/2020\/11\/ESTANDARTE.png?resize=1020%2C1536&amp;ssl=1 1020w, https:\/\/i0.wp.com\/hermandaddelrociodecamas.es\/wp-content\/uploads\/2020\/11\/ESTANDARTE.png?w=1200&amp;ssl=1 1200w\" sizes=\"auto, (max-width: 199px) 100vw, 199px\" \/><\/a>La insignia de la Hermandad la constituye el <strong>estandarte<\/strong>, que representa simb\u00f3licamente a la misma, y que ser\u00e1 una bandera de color verde recogida alrededor del asta, llevando bordado en el centro el escudo de la Hermandad.<\/p>\n<p style=\"text-align: justify;\">El estandarte es la insignia de m\u00e1s alta representaci\u00f3n de la Hermandad debiendo figurar en lugar destacado en todos los actos corporativos que organice o asista la Hermandad.<\/p>\n<p>&nbsp;<\/p>\n<p>&nbsp;<\/p>\n<p>&nbsp;<\/p>\n<p>&nbsp;<\/p>\n<p style=\"text-align: justify;\"><strong>LA MEDALLA:<\/strong><\/p>\n<p style=\"text-align: justify;\"><strong><img data-recalc-dims=\"1\" loading=\"lazy\" decoding=\"async\" class=\"wp-image-162 alignleft\" src=\"https:\/\/i0.wp.com\/hermandaddelrociodecamas.es\/wp-content\/uploads\/2020\/11\/FD178-0001-medalla-actual.png?resize=154%2C230&#038;ssl=1\" alt=\"\" width=\"154\" height=\"230\" srcset=\"https:\/\/i0.wp.com\/hermandaddelrociodecamas.es\/wp-content\/uploads\/2020\/11\/FD178-0001-medalla-actual.png?resize=201%2C300&amp;ssl=1 201w, https:\/\/i0.wp.com\/hermandaddelrociodecamas.es\/wp-content\/uploads\/2020\/11\/FD178-0001-medalla-actual.png?resize=685%2C1024&amp;ssl=1 685w, https:\/\/i0.wp.com\/hermandaddelrociodecamas.es\/wp-content\/uploads\/2020\/11\/FD178-0001-medalla-actual.png?resize=768%2C1148&amp;ssl=1 768w, https:\/\/i0.wp.com\/hermandaddelrociodecamas.es\/wp-content\/uploads\/2020\/11\/FD178-0001-medalla-actual.png?resize=1028%2C1536&amp;ssl=1 1028w, https:\/\/i0.wp.com\/hermandaddelrociodecamas.es\/wp-content\/uploads\/2020\/11\/FD178-0001-medalla-actual.png?resize=1370%2C2048&amp;ssl=1 1370w, https:\/\/i0.wp.com\/hermandaddelrociodecamas.es\/wp-content\/uploads\/2020\/11\/FD178-0001-medalla-actual.png?w=2036&amp;ssl=1 2036w, https:\/\/i0.wp.com\/hermandaddelrociodecamas.es\/wp-content\/uploads\/2020\/11\/FD178-0001-medalla-actual.png?w=1208&amp;ssl=1 1208w, https:\/\/i0.wp.com\/hermandaddelrociodecamas.es\/wp-content\/uploads\/2020\/11\/FD178-0001-medalla-actual.png?w=1812&amp;ssl=1 1812w\" sizes=\"auto, (max-width: 154px) 100vw, 154px\" \/>\u00a0<\/strong>La insignia que representa al hermano es la <strong>medalla<\/strong>.<\/p>\n<p style=\"text-align: justify;\">Nuestra medalla actual la forma una reproducci\u00f3n de la imagen de la Sant\u00edsima Virgen del Roc\u00edo portada por dos \u00e1ngeles, que simboliza su Glorioso Ascensi\u00f3n a los Cielos.<\/p>\n<p style=\"text-align: justify;\">A ambos lados la imagen est\u00e1 enmarcada por sendas ramas de olivos con aceitunas, s\u00edmbolo de la Paz y uno de los principales frutos de nuestra tierra de Andaluc\u00eda.<\/p>\n<p style=\"text-align: justify;\">En su base lleva una cartela, en la que figuran los tres elementos principales del escudo de la Hermandad: en el centro la paloma con las alas desplegadas, a su derecha el emblema del AVE MAR\u00cdA, y a su izquierda el escudo de la ciudad de Camas.<\/p>\n<p style=\"text-align: justify;\">Remata toso el conjunto \u00a0Corona Real de Espa\u00f1a.<\/p>\n<p style=\"text-align: justify;\">La medalla ser\u00e1 de color plateada, y prender\u00e1 de un cord\u00f3n de color verde. Las hermanas podr\u00e1n utilizar una cinta tambi\u00e9n de color verde, en vez de cord\u00f3n.<\/p>\n<p style=\"text-align: justify;\"><strong>OTRAS INSIGNIAS:<\/strong><\/p>\n<p style=\"text-align: justify;\">Las dem\u00e1s insignias de la Hermandad son: Bander\u00edn con el escudo de la Hermandad, el libro de reglas y las Varas coronadas con la medalla de la Hermandad, siendo dorada la del Hermano Mayor, plateada y con la medalla dorada la del Teniente Hermano Mayor y el resto plateadas.<\/p>\n","protected":false},"excerpt":{"rendered":"<p>ESTANDARTE: La insignia de la Hermandad la constituye el estandarte, que representa simb\u00f3licamente a la misma, y que ser\u00e1 una bandera de color verde recogida alrededor del asta, llevando bordado en el<a class=\"moretag\" href=\"https:\/\/hermandaddelrociodecamas.es\/?page_id=161\">Leer m\u00e1s&#8230;<\/a><\/p>\n","protected":false},"author":0,"featured_media":0,"parent":0,"menu_order":0,"comment_status":"closed","ping_status":"closed","template":"","meta":{"footnotes":""},"class_list":["post-161","page","type-page","status-publish","hentry"],"jetpack_sharing_enabled":true,"_links":{"self":[{"href":"https:\/\/hermandaddelrociodecamas.es\/index.php?rest_route=\/wp\/v2\/pages\/161","targetHints":{"allow":["GET"]}}],"collection":[{"href":"https:\/\/hermandaddelrociodecamas.es\/index.php?rest_route=\/wp\/v2\/pages"}],"about":[{"href":"https:\/\/hermandaddelrociodecamas.es\/index.php?rest_route=\/wp\/v2\/types\/page"}],"replies":[{"embeddable":true,"href":"https:\/\/hermandaddelrociodecamas.es\/index.php?rest_route=%2Fwp%2Fv2%2Fcomments&post=161"}],"version-history":[{"count":5,"href":"https:\/\/hermandaddelrociodecamas.es\/index.php?rest_route=\/wp\/v2\/pages\/161\/revisions"}],"predecessor-version":[{"id":421,"href":"https:\/\/hermandaddelrociodecamas.es\/index.php?rest_route=\/wp\/v2\/pages\/161\/revisions\/421"}],"wp:attachment":[{"href":"https:\/\/hermandaddelrociodecamas.es\/index.php?rest_route=%2Fwp%2Fv2%2Fmedia&parent=161"}],"curies":[{"name":"wp","href":"https:\/\/api.w.org\/{rel}","templated":true}]}}