{"id":167,"date":"2020-11-01T13:13:40","date_gmt":"2020-11-01T13:13:40","guid":{"rendered":"https:\/\/hermandaddelrociodecamas.es\/?page_id=167"},"modified":"2020-11-02T18:37:29","modified_gmt":"2020-11-02T18:37:29","slug":"el-escudo-de-la-hermandad","status":"publish","type":"page","link":"https:\/\/hermandaddelrociodecamas.es\/?page_id=167","title":{"rendered":"Escudo de la Hermandad"},"content":{"rendered":"<p style=\"text-align: justify;\">El escudo representativo de la Hermandad del Roc\u00edo de Camas, lo constituyen dos emblemas:<\/p>\n<p style=\"text-align: justify;\">El de la derecha contiene las iniciales del AVE MARIA en color plateado sobre fondo celeste, bordeado por una franja plateada con la inscripci\u00f3n \u201cAve Mar\u00eda, Gratia Plena\u201d, y rematado por una corona de doce estrellas.<\/p>\n<p style=\"text-align: justify;\"><img data-recalc-dims=\"1\" loading=\"lazy\" decoding=\"async\" class=\" wp-image-8 alignleft\" src=\"https:\/\/i0.wp.com\/hermandaddelrociodecamas.es\/wp-content\/uploads\/2020\/08\/escudo.png?resize=255%2C278&#038;ssl=1\" alt=\"\" width=\"255\" height=\"278\" srcset=\"https:\/\/i0.wp.com\/hermandaddelrociodecamas.es\/wp-content\/uploads\/2020\/08\/escudo.png?resize=275%2C300&amp;ssl=1 275w, https:\/\/i0.wp.com\/hermandaddelrociodecamas.es\/wp-content\/uploads\/2020\/08\/escudo.png?resize=940%2C1024&amp;ssl=1 940w, https:\/\/i0.wp.com\/hermandaddelrociodecamas.es\/wp-content\/uploads\/2020\/08\/escudo.png?resize=768%2C836&amp;ssl=1 768w, https:\/\/i0.wp.com\/hermandaddelrociodecamas.es\/wp-content\/uploads\/2020\/08\/escudo.png?w=1301&amp;ssl=1 1301w, https:\/\/i0.wp.com\/hermandaddelrociodecamas.es\/wp-content\/uploads\/2020\/08\/escudo.png?w=1208&amp;ssl=1 1208w\" sizes=\"auto, (max-width: 255px) 100vw, 255px\" \/>El de la izquierda contiene el actual escudo de la Ciudad de Camas, consistente en uno de los collares hallados en el Tesoro del Carambolo compuesto por siete florones de oro unidos por cord\u00f3n y pasador, todo sobre campo de sinople, rodeado por la inscripci\u00f3n \u201dLocus auri caelatis in finibus Tartesorum\u201d y rematado por la corona real antigua.<\/p>\n<p style=\"text-align: justify;\">Entre ambos emblemas, una Paloma Blanca con las alas desplegadas, s\u00edmbolo del Esp\u00edritu Santo, tercera persona de la Sant\u00edsima Trinidad y expresi\u00f3n popular con la que tambi\u00e9n se conoce a la Sant\u00edsima Virgen del Roc\u00edo.<\/p>\n<p style=\"text-align: justify;\">Rematando todo el conjunto, la Corona Real de Espa\u00f1a, de la cual salen sendas cintas de color verde, que es el color de la Hermandad, en la que va inscrito el t\u00edtulo de la misma y que se despliegan ondeantes a ambos lados. En su base una cartela dorada, con la inscripci\u00f3n \u201cCamas\u201d.<\/p>\n","protected":false},"excerpt":{"rendered":"<p>El escudo representativo de la Hermandad del Roc\u00edo de Camas, lo constituyen dos emblemas: El de la derecha contiene las iniciales del AVE MARIA en color plateado sobre fondo celeste, bordeado por<a class=\"moretag\" href=\"https:\/\/hermandaddelrociodecamas.es\/?page_id=167\">Leer m\u00e1s&#8230;<\/a><\/p>\n","protected":false},"author":0,"featured_media":0,"parent":0,"menu_order":0,"comment_status":"closed","ping_status":"closed","template":"","meta":{"footnotes":""},"class_list":["post-167","page","type-page","status-publish","hentry"],"jetpack_sharing_enabled":true,"_links":{"self":[{"href":"https:\/\/hermandaddelrociodecamas.es\/index.php?rest_route=\/wp\/v2\/pages\/167","targetHints":{"allow":["GET"]}}],"collection":[{"href":"https:\/\/hermandaddelrociodecamas.es\/index.php?rest_route=\/wp\/v2\/pages"}],"about":[{"href":"https:\/\/hermandaddelrociodecamas.es\/index.php?rest_route=\/wp\/v2\/types\/page"}],"replies":[{"embeddable":true,"href":"https:\/\/hermandaddelrociodecamas.es\/index.php?rest_route=%2Fwp%2Fv2%2Fcomments&post=167"}],"version-history":[{"count":2,"href":"https:\/\/hermandaddelrociodecamas.es\/index.php?rest_route=\/wp\/v2\/pages\/167\/revisions"}],"predecessor-version":[{"id":310,"href":"https:\/\/hermandaddelrociodecamas.es\/index.php?rest_route=\/wp\/v2\/pages\/167\/revisions\/310"}],"wp:attachment":[{"href":"https:\/\/hermandaddelrociodecamas.es\/index.php?rest_route=%2Fwp%2Fv2%2Fmedia&parent=167"}],"curies":[{"name":"wp","href":"https:\/\/api.w.org\/{rel}","templated":true}]}}