{"id":190,"date":"2020-11-02T18:06:41","date_gmt":"2020-11-02T18:06:41","guid":{"rendered":"https:\/\/hermandaddelrociodecamas.es\/?page_id=190"},"modified":"2020-11-05T17:52:25","modified_gmt":"2020-11-05T17:52:25","slug":"medalla","status":"publish","type":"page","link":"https:\/\/hermandaddelrociodecamas.es\/?page_id=190","title":{"rendered":"Medalla"},"content":{"rendered":"<p><img data-recalc-dims=\"1\" loading=\"lazy\" decoding=\"async\" class=\"alignleft size-full wp-image-376\" src=\"https:\/\/i0.wp.com\/hermandaddelrociodecamas.es\/wp-content\/uploads\/2020\/11\/medallas.png?resize=604%2C302&#038;ssl=1\" alt=\"\" width=\"604\" height=\"302\" srcset=\"https:\/\/i0.wp.com\/hermandaddelrociodecamas.es\/wp-content\/uploads\/2020\/11\/medallas.png?w=2362&amp;ssl=1 2362w, https:\/\/i0.wp.com\/hermandaddelrociodecamas.es\/wp-content\/uploads\/2020\/11\/medallas.png?resize=300%2C150&amp;ssl=1 300w, https:\/\/i0.wp.com\/hermandaddelrociodecamas.es\/wp-content\/uploads\/2020\/11\/medallas.png?resize=1024%2C512&amp;ssl=1 1024w, https:\/\/i0.wp.com\/hermandaddelrociodecamas.es\/wp-content\/uploads\/2020\/11\/medallas.png?resize=768%2C384&amp;ssl=1 768w, https:\/\/i0.wp.com\/hermandaddelrociodecamas.es\/wp-content\/uploads\/2020\/11\/medallas.png?resize=1536%2C768&amp;ssl=1 1536w, https:\/\/i0.wp.com\/hermandaddelrociodecamas.es\/wp-content\/uploads\/2020\/11\/medallas.png?resize=2048%2C1024&amp;ssl=1 2048w, https:\/\/i0.wp.com\/hermandaddelrociodecamas.es\/wp-content\/uploads\/2020\/11\/medallas.png?resize=1600%2C800&amp;ssl=1 1600w, https:\/\/i0.wp.com\/hermandaddelrociodecamas.es\/wp-content\/uploads\/2020\/11\/medallas.png?w=1208&amp;ssl=1 1208w, https:\/\/i0.wp.com\/hermandaddelrociodecamas.es\/wp-content\/uploads\/2020\/11\/medallas.png?w=1812&amp;ssl=1 1812w\" sizes=\"auto, (max-width: 604px) 100vw, 604px\" \/><\/p>\n<p>&nbsp;<\/p>\n<h6 style=\"text-align: justify;\">La insignia de los hermanos es la <strong>medalla<\/strong>. Nuestra medalla actual la forma una reproducci\u00f3n de la imagen de la Sant\u00edsima Virgen del Roc\u00edo portada por dos \u00e1ngeles, que simboliza su Gloriosa Ascensi\u00f3n a los Cielos.<\/h6>\n<h6 style=\"text-align: justify;\">A ambos lados la imagen est\u00e1 enmarcada por sendas ramas de olivos con aceitunas, s\u00edmbolo de la Paz y uno de los principales frutos de nuestra tierra de Andaluc\u00eda.<\/h6>\n<h6 style=\"text-align: justify;\">En su base lleva una cartela, en la que figuran los tres elementos principales del escudo de la Hermandad: en el centro la paloma con las alas desplegadas, a su derecha el emblema del AVE MAR\u00cdA, y a su izquierda el escudo de la ciudad de Camas.<\/h6>\n<h6 style=\"text-align: justify;\">Remata todo el conjunto \u00a0Corona Real de Espa\u00f1a.<\/h6>\n<h6 style=\"text-align: justify;\">La medalla ser\u00e1 de color plateada, y prender\u00e1 de un cord\u00f3n de color verde. Las hermanas podr\u00e1n utilizar una cinta tambi\u00e9n de color verde, en vez de cord\u00f3n.<\/h6>\n","protected":false},"excerpt":{"rendered":"<p>&nbsp; La insignia de los hermanos es la medalla. Nuestra medalla actual la forma una reproducci\u00f3n de la imagen de la Sant\u00edsima Virgen del Roc\u00edo portada por dos \u00e1ngeles, que simboliza su<a class=\"moretag\" href=\"https:\/\/hermandaddelrociodecamas.es\/?page_id=190\">Leer m\u00e1s&#8230;<\/a><\/p>\n","protected":false},"author":0,"featured_media":0,"parent":0,"menu_order":0,"comment_status":"closed","ping_status":"closed","template":"","meta":{"footnotes":""},"class_list":["post-190","page","type-page","status-publish","hentry"],"jetpack_sharing_enabled":true,"_links":{"self":[{"href":"https:\/\/hermandaddelrociodecamas.es\/index.php?rest_route=\/wp\/v2\/pages\/190","targetHints":{"allow":["GET"]}}],"collection":[{"href":"https:\/\/hermandaddelrociodecamas.es\/index.php?rest_route=\/wp\/v2\/pages"}],"about":[{"href":"https:\/\/hermandaddelrociodecamas.es\/index.php?rest_route=\/wp\/v2\/types\/page"}],"replies":[{"embeddable":true,"href":"https:\/\/hermandaddelrociodecamas.es\/index.php?rest_route=%2Fwp%2Fv2%2Fcomments&post=190"}],"version-history":[{"count":4,"href":"https:\/\/hermandaddelrociodecamas.es\/index.php?rest_route=\/wp\/v2\/pages\/190\/revisions"}],"predecessor-version":[{"id":377,"href":"https:\/\/hermandaddelrociodecamas.es\/index.php?rest_route=\/wp\/v2\/pages\/190\/revisions\/377"}],"wp:attachment":[{"href":"https:\/\/hermandaddelrociodecamas.es\/index.php?rest_route=%2Fwp%2Fv2%2Fmedia&parent=190"}],"curies":[{"name":"wp","href":"https:\/\/api.w.org\/{rel}","templated":true}]}}