{"id":226,"date":"2020-11-02T18:18:15","date_gmt":"2020-11-02T18:18:15","guid":{"rendered":"https:\/\/hermandaddelrociodecamas.es\/?page_id=226"},"modified":"2020-12-05T18:45:31","modified_gmt":"2020-12-05T18:45:31","slug":"infantil","status":"publish","type":"page","link":"https:\/\/hermandaddelrociodecamas.es\/?page_id=226","title":{"rendered":"Infantil"},"content":{"rendered":"<h1>SIGUE EN DIRECTO LA PRESENTACI\u00d3N DEL DISCO<\/h1>\n<h2>LUNES 7 DE DICIEMBRE DE 2020 A LAS 11:00h.<\/h2>\n<p><iframe loading=\"lazy\" title=\"Presentaci\u00f3n Disco  Coro Infantil Roc\u00edo Hermandad del Roc\u00edo de Camas\" width=\"604\" height=\"340\" src=\"https:\/\/www.youtube.com\/embed\/At8SdQ8Hq08?feature=oembed\" frameborder=\"0\" allow=\"accelerometer; autoplay; clipboard-write; encrypted-media; gyroscope; picture-in-picture; web-share\" referrerpolicy=\"strict-origin-when-cross-origin\" allowfullscreen><\/iframe><\/p>\n","protected":false},"excerpt":{"rendered":"<p>SIGUE EN DIRECTO LA PRESENTACI\u00d3N DEL DISCO LUNES 7 DE DICIEMBRE DE 2020 A LAS 11:00h.<\/p>\n","protected":false},"author":0,"featured_media":0,"parent":0,"menu_order":0,"comment_status":"closed","ping_status":"closed","template":"","meta":{"footnotes":""},"class_list":["post-226","page","type-page","status-publish","hentry"],"jetpack_sharing_enabled":true,"_links":{"self":[{"href":"https:\/\/hermandaddelrociodecamas.es\/index.php?rest_route=\/wp\/v2\/pages\/226","targetHints":{"allow":["GET"]}}],"collection":[{"href":"https:\/\/hermandaddelrociodecamas.es\/index.php?rest_route=\/wp\/v2\/pages"}],"about":[{"href":"https:\/\/hermandaddelrociodecamas.es\/index.php?rest_route=\/wp\/v2\/types\/page"}],"replies":[{"embeddable":true,"href":"https:\/\/hermandaddelrociodecamas.es\/index.php?rest_route=%2Fwp%2Fv2%2Fcomments&post=226"}],"version-history":[{"count":6,"href":"https:\/\/hermandaddelrociodecamas.es\/index.php?rest_route=\/wp\/v2\/pages\/226\/revisions"}],"predecessor-version":[{"id":734,"href":"https:\/\/hermandaddelrociodecamas.es\/index.php?rest_route=\/wp\/v2\/pages\/226\/revisions\/734"}],"wp:attachment":[{"href":"https:\/\/hermandaddelrociodecamas.es\/index.php?rest_route=%2Fwp%2Fv2%2Fmedia&parent=226"}],"curies":[{"name":"wp","href":"https:\/\/api.w.org\/{rel}","templated":true}]}}