{"id":230,"date":"2020-11-02T18:18:47","date_gmt":"2020-11-02T18:18:47","guid":{"rendered":"https:\/\/hermandaddelrociodecamas.es\/?page_id=230"},"modified":"2021-01-28T16:17:56","modified_gmt":"2021-01-28T16:17:56","slug":"misa-mensual","status":"publish","type":"page","link":"https:\/\/hermandaddelrociodecamas.es\/?page_id=230","title":{"rendered":"Misa mensual"},"content":{"rendered":"<h1>30 de Enero de 2021 a las 19:00h. Misa Fin de Mes Hermandad del Roc\u00edo de Camas.<\/h1>\n<p><img data-recalc-dims=\"1\" loading=\"lazy\" decoding=\"async\" class=\"wp-image-807 size-large aligncenter\" src=\"https:\/\/i0.wp.com\/hermandaddelrociodecamas.es\/wp-content\/uploads\/2021\/01\/BASE-CARTEL-MISAS-DE-HERMANDAD-ENERO-INSTAGRAM.png?resize=604%2C755&#038;ssl=1\" alt=\"\" width=\"604\" height=\"755\" srcset=\"https:\/\/i0.wp.com\/hermandaddelrociodecamas.es\/wp-content\/uploads\/2021\/01\/BASE-CARTEL-MISAS-DE-HERMANDAD-ENERO-INSTAGRAM.png?resize=819%2C1024&amp;ssl=1 819w, https:\/\/i0.wp.com\/hermandaddelrociodecamas.es\/wp-content\/uploads\/2021\/01\/BASE-CARTEL-MISAS-DE-HERMANDAD-ENERO-INSTAGRAM.png?resize=240%2C300&amp;ssl=1 240w, https:\/\/i0.wp.com\/hermandaddelrociodecamas.es\/wp-content\/uploads\/2021\/01\/BASE-CARTEL-MISAS-DE-HERMANDAD-ENERO-INSTAGRAM.png?resize=768%2C960&amp;ssl=1 768w, https:\/\/i0.wp.com\/hermandaddelrociodecamas.es\/wp-content\/uploads\/2021\/01\/BASE-CARTEL-MISAS-DE-HERMANDAD-ENERO-INSTAGRAM.png?w=1080&amp;ssl=1 1080w\" sizes=\"auto, (max-width: 604px) 100vw, 604px\" \/><\/p>\n<p>La Misa de la Hermandad del Roc\u00edo de Camas de este mes de enero, tendr\u00e1 lugar el pr\u00f3ximo s\u00e1bado a las 19:00h, en la Pquia Sta. Mar\u00eda de Gracia. Debido a las nuevas medidas de movilidad derivadas del estado de alarma actual por motivo de la pandemia el aforo de la Parroquia queda reducido a 33 personas. Por estos motivos la Junta de Gobiernos a decidido retransmitir la Misa desde el Canal Oficial de You Tube de la Hermandad (<a href=\"https:\/\/youtube.com\/c\/HermandaddelRoc%C3%ADodeCamas\">https:\/\/youtube.com\/c\/HermandaddelRoc%C3%ADodeCamas)<\/a>, con la intenci\u00f3n de que todos los Hermanos y devotos que as\u00ed lo deseen puedan seguir el transcurso de la misma.<\/p>\n<p>&nbsp;<\/p>\n<h1>20 de Diciembre a las 11:00h. Misa Fin de Mes, Exposici\u00f3n del Simpecado para su Veneraci\u00f3n y Ofrenda de Alimentos.<\/h1>\n<p>La Misa mensual de diciembre de la Hermandad del Roc\u00edo de Camas ser\u00e1 \u00e9ste domingo d\u00eda 20 coincidiendo con la fecha que la Hermandad ten\u00eda fijada para la Misa Extraordinaria en Almonte ante la Sant\u00edsima Virgen Del Roc\u00edo suspendida debido a la actual pandemia. Ser\u00e1 retransmitida por nuestro Canal Oficial de YouTube y tambi\u00e9n a trav\u00e9s de esta p\u00e1gina.<\/p>\n<p>El Simpecado quedar\u00e1 expuesto para su veneraci\u00f3n y Ofrenda de alimentos despu\u00e9s de la Misa y hasta las 18:00h. Rogamos a todas las personas que acudan con alimentos no perecederos, los cuales ir\u00e1n destinados al Dep\u00f3sito de alimentos que gestiona nuestra querida Hermandad Sacramental de Camas.<\/p>\n<p>Se tomar\u00e1n todas las medidas de seguridad dictadas por las autoridades.<\/p>\n<p><iframe loading=\"lazy\" title=\"Misa Hermandad del Roc\u00edo De Camas 20  Diciembre\" width=\"604\" height=\"340\" src=\"https:\/\/www.youtube.com\/embed\/G4tGYIir738?feature=oembed\" frameborder=\"0\" allow=\"accelerometer; autoplay; clipboard-write; encrypted-media; gyroscope; picture-in-picture; web-share\" referrerpolicy=\"strict-origin-when-cross-origin\" allowfullscreen><\/iframe><\/p>\n","protected":false},"excerpt":{"rendered":"<p>30 de Enero de 2021 a las 19:00h. Misa Fin de Mes Hermandad del Roc\u00edo de Camas. La Misa de la Hermandad del Roc\u00edo de Camas de este mes de enero, tendr\u00e1<a class=\"moretag\" href=\"https:\/\/hermandaddelrociodecamas.es\/?page_id=230\">Leer m\u00e1s&#8230;<\/a><\/p>\n","protected":false},"author":0,"featured_media":0,"parent":0,"menu_order":0,"comment_status":"closed","ping_status":"closed","template":"","meta":{"footnotes":""},"class_list":["post-230","page","type-page","status-publish","hentry"],"jetpack_sharing_enabled":true,"_links":{"self":[{"href":"https:\/\/hermandaddelrociodecamas.es\/index.php?rest_route=\/wp\/v2\/pages\/230","targetHints":{"allow":["GET"]}}],"collection":[{"href":"https:\/\/hermandaddelrociodecamas.es\/index.php?rest_route=\/wp\/v2\/pages"}],"about":[{"href":"https:\/\/hermandaddelrociodecamas.es\/index.php?rest_route=\/wp\/v2\/types\/page"}],"replies":[{"embeddable":true,"href":"https:\/\/hermandaddelrociodecamas.es\/index.php?rest_route=%2Fwp%2Fv2%2Fcomments&post=230"}],"version-history":[{"count":9,"href":"https:\/\/hermandaddelrociodecamas.es\/index.php?rest_route=\/wp\/v2\/pages\/230\/revisions"}],"predecessor-version":[{"id":810,"href":"https:\/\/hermandaddelrociodecamas.es\/index.php?rest_route=\/wp\/v2\/pages\/230\/revisions\/810"}],"wp:attachment":[{"href":"https:\/\/hermandaddelrociodecamas.es\/index.php?rest_route=%2Fwp%2Fv2%2Fmedia&parent=230"}],"curies":[{"name":"wp","href":"https:\/\/api.w.org\/{rel}","templated":true}]}}